{"id":1007,"date":"2021-04-27T16:32:43","date_gmt":"2021-04-27T13:32:43","guid":{"rendered":"https:\/\/konyaenvar.com.tr\/ramazan\/?page_id=1007"},"modified":"2021-04-27T16:33:40","modified_gmt":"2021-04-27T13:33:40","slug":"iftar-duasi","status":"publish","type":"page","link":"https:\/\/konyaenvar.com.tr\/ramazan\/?page_id=1007","title":{"rendered":"\u0130ftar Duas\u0131"},"content":{"rendered":"\n<p>Allah&#8217;\u0131m,<br>Senin r\u0131zan i\u00e7in oru\u00e7 tuttum. Sana inand\u0131m. Sana g\u00fcvendim. Hamdolsun verdi\u011fin nimetlere, sa\u011fl\u0131k ve afiyete.<br>Yemek yemekten m\u00fcnezzeh olup yediren, bize ihsan edip hidayet eden, bize yedirip i\u00e7iren ve bizi her t\u00fcrl\u00fc iyiliklerle s\u0131nayan Allah&#8217;a hamdolsun.<br>Yiyeceklerden bize yediren, i\u00e7eceklerden i\u00e7iren, \u00e7\u0131plakl\u0131ktan kurtar\u0131p giydiren, sap\u0131kl\u0131ktan koruyup hidayet eden, k\u00f6rl\u00fckten muhafaza edip g\u00f6rmemizi sa\u011flayan ve bizi yaratt\u0131klar\u0131n\u0131n \u00e7o\u011funa \u00fcst\u00fcn k\u0131lan Rabbimize hamdolsun.<br>Ya Rabbi,<br>Bizi yedirip doyurdun. Bize su i\u00e7irip suya kand\u0131rd\u0131n.<br>Ya Rabbi,<br>Bize afiyet ver. Nimetini artt\u0131r. Yiyeceklerimizi bereketli k\u0131l. G\u00f6n\u00fcllerimize \u015fifa ver. Bize rahmet et. Bizden raz\u0131 ol. Bizim elimizden tut ve bizi g\u00f6z a\u00e7\u0131p kapay\u0131ncaya kadar dahi olsa nefsimizin ve senden ba\u015fka hi\u00e7bir kimsenin eline b\u0131rakma.<br>Rabbimiz,<br>Bize nimetlerin tamam\u0131n\u0131 ve devam\u0131n\u0131 nasip eyle. Afiyetin tamam\u0131n\u0131 ve devam\u0131n\u0131; yard\u0131m\u0131n\u0131n tamam\u0131n\u0131 ve devam\u0131n\u0131; marifetinin tamam\u0131n\u0131 ve devam\u0131n\u0131; sevginin tamam\u0131n\u0131 ve devam\u0131n\u0131; r\u0131zan\u0131n tamam\u0131n\u0131 ve devam\u0131n\u0131; sevgilin Muhammed Mustafa (SAS.) h\u00fcrmetine, nimetlerin h\u00fcrmetine senden dileriz. Bize bah\u015feyle y\u00e2 Rabbi!<br>Y\u00e2 Rabbi,<br>Nimetlerini \u015f\u00fckr\u00fc ifa edilmi\u015f ve cennet nimetlerine de kavu\u015fturan nimetler eyle.<br>Y\u00e2 Rabbi,<br>R\u0131zk\u0131m\u0131z\u0131 artt\u0131r, noksan eyleme.<br>\u00c2min.<\/p>\n","protected":false},"excerpt":{"rendered":"<p>Allah&#8217;\u0131m,Senin r\u0131zan i\u00e7in oru\u00e7 tuttum. Sana inand\u0131m. Sana g\u00fcvendim. Hamdolsun verdi\u011fin nimetlere, sa\u011fl\u0131k ve afiyete.Yemek yemekten m\u00fcnezzeh olup yediren, bize ihsan edip hidayet eden, bize yedirip i\u00e7iren ve bizi her t\u00fcrl\u00fc iyiliklerle s\u0131nayan Allah&#8217;a hamdolsun.Yiyeceklerden bize yediren, i\u00e7eceklerden i\u00e7iren, \u00e7\u0131plakl\u0131ktan kurtar\u0131p giydiren, sap\u0131kl\u0131ktan koruyup hidayet eden, k\u00f6rl\u00fckten muhafaza edip g\u00f6rmemizi sa\u011flayan ve bizi yaratt\u0131klar\u0131n\u0131n \u00e7o\u011funa &hellip;<\/p>\n","protected":false},"author":1,"featured_media":0,"parent":0,"menu_order":0,"comment_status":"closed","ping_status":"closed","template":"","meta":{"footnotes":""},"class_list":["post-1007","page","type-page","status-publish",""],"_links":{"self":[{"href":"https:\/\/konyaenvar.com.tr\/ramazan\/index.php?rest_route=\/wp\/v2\/pages\/1007","targetHints":{"allow":["GET"]}}],"collection":[{"href":"https:\/\/konyaenvar.com.tr\/ramazan\/index.php?rest_route=\/wp\/v2\/pages"}],"about":[{"href":"https:\/\/konyaenvar.com.tr\/ramazan\/index.php?rest_route=\/wp\/v2\/types\/page"}],"author":[{"embeddable":true,"href":"https:\/\/konyaenvar.com.tr\/ramazan\/index.php?rest_route=\/wp\/v2\/users\/1"}],"replies":[{"embeddable":true,"href":"https:\/\/konyaenvar.com.tr\/ramazan\/index.php?rest_route=%2Fwp%2Fv2%2Fcomments&post=1007"}],"version-history":[{"count":1,"href":"https:\/\/konyaenvar.com.tr\/ramazan\/index.php?rest_route=\/wp\/v2\/pages\/1007\/revisions"}],"predecessor-version":[{"id":1008,"href":"https:\/\/konyaenvar.com.tr\/ramazan\/index.php?rest_route=\/wp\/v2\/pages\/1007\/revisions\/1008"}],"wp:attachment":[{"href":"https:\/\/konyaenvar.com.tr\/ramazan\/index.php?rest_route=%2Fwp%2Fv2%2Fmedia&parent=1007"}],"curies":[{"name":"wp","href":"https:\/\/api.w.org\/{rel}","templated":true}]}}